{"id":1133,"date":"2025-01-28T07:32:59","date_gmt":"2025-01-28T07:32:59","guid":{"rendered":"https:\/\/dev.agora-kids.fr\/?page_id=1133"},"modified":"2025-02-12T13:53:10","modified_gmt":"2025-02-12T13:53:10","slug":"actualites","status":"publish","type":"page","link":"https:\/\/dev.agora-kids.fr\/?page_id=1133","title":{"rendered":"Actualit\u00e9s"},"content":{"rendered":"\t\t<div data-elementor-type=\"wp-page\" data-elementor-id=\"1133\" class=\"elementor elementor-1133\" data-elementor-post-type=\"page\">\n\t\t\t\t<div class=\"elementor-element elementor-element-3f9ab5c e-flex e-con-boxed e-con e-parent\" data-id=\"3f9ab5c\" data-element_type=\"container\" data-settings=\"{&quot;content_width&quot;:&quot;boxed&quot;}\" data-core-v316-plus=\"true\">\n\t\t\t\t\t<div class=\"e-con-inner\">\n\t\t<div class=\"elementor-element elementor-element-52c7ee9 e-flex e-con-boxed e-con e-child\" data-id=\"52c7ee9\" data-element_type=\"container\" data-settings=\"{&quot;content_width&quot;:&quot;boxed&quot;}\">\n\t\t\t\t\t<div class=\"e-con-inner\">\n\t\t\t\t<div class=\"elementor-element elementor-element-f80421f elementor-hidden-tablet elementor-hidden-mobile elementor-widget elementor-widget-spacer\" data-id=\"f80421f\" data-element_type=\"widget\" data-widget_type=\"spacer.default\">\n\t\t\t\t<div class=\"elementor-widget-container\">\n\t\t\t<style>\/*! elementor - v3.19.0 - 07-02-2024 *\/\n.elementor-column .elementor-spacer-inner{height:var(--spacer-size)}.e-con{--container-widget-width:100%}.e-con-inner>.elementor-widget-spacer,.e-con>.elementor-widget-spacer{width:var(--container-widget-width,var(--spacer-size));--align-self:var(--container-widget-align-self,initial);--flex-shrink:0}.e-con-inner>.elementor-widget-spacer>.elementor-widget-container,.e-con>.elementor-widget-spacer>.elementor-widget-container{height:100%;width:100%}.e-con-inner>.elementor-widget-spacer>.elementor-widget-container>.elementor-spacer,.e-con>.elementor-widget-spacer>.elementor-widget-container>.elementor-spacer{height:100%}.e-con-inner>.elementor-widget-spacer>.elementor-widget-container>.elementor-spacer>.elementor-spacer-inner,.e-con>.elementor-widget-spacer>.elementor-widget-container>.elementor-spacer>.elementor-spacer-inner{height:var(--container-widget-height,var(--spacer-size))}.e-con-inner>.elementor-widget-spacer.elementor-widget-empty,.e-con>.elementor-widget-spacer.elementor-widget-empty{position:relative;min-height:22px;min-width:22px}.e-con-inner>.elementor-widget-spacer.elementor-widget-empty .elementor-widget-empty-icon,.e-con>.elementor-widget-spacer.elementor-widget-empty .elementor-widget-empty-icon{position:absolute;top:0;bottom:0;left:0;right:0;margin:auto;padding:0;width:22px;height:22px}<\/style>\t\t<div class=\"elementor-spacer\">\n\t\t\t<div class=\"elementor-spacer-inner\"><\/div>\n\t\t<\/div>\n\t\t\t\t<\/div>\n\t\t\t\t<\/div>\n\t\t\t\t<div class=\"elementor-element elementor-element-6e28b78 elementor-hidden-desktop elementor-widget elementor-widget-spacer\" data-id=\"6e28b78\" data-element_type=\"widget\" data-widget_type=\"spacer.default\">\n\t\t\t\t<div class=\"elementor-widget-container\">\n\t\t\t\t\t<div class=\"elementor-spacer\">\n\t\t\t<div class=\"elementor-spacer-inner\"><\/div>\n\t\t<\/div>\n\t\t\t\t<\/div>\n\t\t\t\t<\/div>\n\t\t\t\t\t<\/div>\n\t\t\t\t<\/div>\n\t\t\t\t\t<\/div>\n\t\t\t\t<\/div>\n\t\t<div class=\"elementor-element elementor-element-286d137 elementor-hidden-mobile e-flex e-con-boxed e-con e-parent\" data-id=\"286d137\" data-element_type=\"container\" data-settings=\"{&quot;background_background&quot;:&quot;classic&quot;,&quot;content_width&quot;:&quot;boxed&quot;}\" data-core-v316-plus=\"true\">\n\t\t\t\t\t<div class=\"e-con-inner\">\n\t\t\t\t<div class=\"elementor-element elementor-element-932a408 elementor-invisible elementor-widget elementor-widget-heading\" data-id=\"932a408\" data-element_type=\"widget\" data-settings=\"{&quot;_animation&quot;:&quot;slideInUp&quot;}\" data-widget_type=\"heading.default\">\n\t\t\t\t<div class=\"elementor-widget-container\">\n\t\t\t<style>\/*! elementor - v3.19.0 - 07-02-2024 *\/\n.elementor-heading-title{padding:0;margin:0;line-height:1}.elementor-widget-heading .elementor-heading-title[class*=elementor-size-]>a{color:inherit;font-size:inherit;line-height:inherit}.elementor-widget-heading .elementor-heading-title.elementor-size-small{font-size:15px}.elementor-widget-heading .elementor-heading-title.elementor-size-medium{font-size:19px}.elementor-widget-heading .elementor-heading-title.elementor-size-large{font-size:29px}.elementor-widget-heading .elementor-heading-title.elementor-size-xl{font-size:39px}.elementor-widget-heading .elementor-heading-title.elementor-size-xxl{font-size:59px}<\/style><h2 class=\"elementor-heading-title elementor-size-default\">Actualit\u00e9s<\/h2>\t\t<\/div>\n\t\t\t\t<\/div>\n\t\t\t\t<div class=\"elementor-element elementor-element-b70ab21 elementor-invisible elementor-widget elementor-widget-heading\" data-id=\"b70ab21\" data-element_type=\"widget\" data-settings=\"{&quot;_animation&quot;:&quot;slideInUp&quot;}\" data-widget_type=\"heading.default\">\n\t\t\t\t<div class=\"elementor-widget-container\">\n\t\t\t<h1 class=\"elementor-heading-title elementor-size-default\">Retrouvez tous les articles et \u00e9v\u00e8nements du r\u00e9seau Agora-Kids <\/h1>\t\t<\/div>\n\t\t\t\t<\/div>\n\t\t\t\t\t<\/div>\n\t\t\t\t<\/div>\n\t\t<div class=\"elementor-element elementor-element-5f063ca1 e-flex e-con-boxed e-con e-parent\" data-id=\"5f063ca1\" data-element_type=\"container\" data-settings=\"{&quot;content_width&quot;:&quot;boxed&quot;}\" data-core-v316-plus=\"true\">\n\t\t\t\t\t<div class=\"e-con-inner\">\n\t\t\t\t<div class=\"elementor-element elementor-element-2d90c44a elementor-posts__hover-none elementor-posts--align-left elementor-grid-3 elementor-grid-tablet-2 elementor-grid-mobile-1 elementor-posts--thumbnail-top elementor-card-shadow-yes elementor-widget elementor-widget-posts\" data-id=\"2d90c44a\" data-element_type=\"widget\" data-settings=\"{&quot;cards_row_gap&quot;:{&quot;unit&quot;:&quot;px&quot;,&quot;size&quot;:80,&quot;sizes&quot;:[]},&quot;cards_row_gap_tablet&quot;:{&quot;unit&quot;:&quot;px&quot;,&quot;size&quot;:71,&quot;sizes&quot;:[]},&quot;cards_row_gap_mobile&quot;:{&quot;unit&quot;:&quot;px&quot;,&quot;size&quot;:30,&quot;sizes&quot;:[]},&quot;pagination_type&quot;:&quot;numbers_and_prev_next&quot;,&quot;cards_columns&quot;:&quot;3&quot;,&quot;cards_columns_tablet&quot;:&quot;2&quot;,&quot;cards_columns_mobile&quot;:&quot;1&quot;}\" data-widget_type=\"posts.cards\">\n\t\t\t\t<div class=\"elementor-widget-container\">\n\t\t\t<link rel=\"stylesheet\" href=\"https:\/\/dev.agora-kids.fr\/wp-content\/plugins\/elementor-pro\/assets\/css\/widget-posts.min.css\">\t\t<div class=\"elementor-posts-container elementor-posts elementor-posts--skin-cards elementor-grid\">\n\t\t\t\t<article class=\"elementor-post elementor-grid-item post-1100 post type-post status-publish format-standard has-post-thumbnail hentry category-blog\">\n\t\t\t<div class=\"elementor-post__card\">\n\t\t\t\t<a class=\"elementor-post__thumbnail__link\" href=\"https:\/\/dev.agora-kids.fr\/?p=1100\" tabindex=\"-1\" ><div class=\"elementor-post__thumbnail\"><img fetchpriority=\"high\" decoding=\"async\" width=\"2560\" height=\"1703\" src=\"https:\/\/dev.agora-kids.fr\/wp-content\/uploads\/2025\/01\/pexels-pixabay-459953-scaled.jpg\" class=\"attachment-full size-full wp-image-1114\" alt=\"\" srcset=\"https:\/\/dev.agora-kids.fr\/wp-content\/uploads\/2025\/01\/pexels-pixabay-459953-scaled.jpg 2560w, https:\/\/dev.agora-kids.fr\/wp-content\/uploads\/2025\/01\/pexels-pixabay-459953-300x200.jpg 300w, https:\/\/dev.agora-kids.fr\/wp-content\/uploads\/2025\/01\/pexels-pixabay-459953-1024x681.jpg 1024w, https:\/\/dev.agora-kids.fr\/wp-content\/uploads\/2025\/01\/pexels-pixabay-459953-768x511.jpg 768w, https:\/\/dev.agora-kids.fr\/wp-content\/uploads\/2025\/01\/pexels-pixabay-459953-1536x1022.jpg 1536w, https:\/\/dev.agora-kids.fr\/wp-content\/uploads\/2025\/01\/pexels-pixabay-459953-2048x1362.jpg 2048w\" sizes=\"(max-width: 2560px) 100vw, 2560px\" \/><\/div><\/a>\n\t\t\t\t<div class=\"elementor-post__text\">\n\t\t\t\t<h4 class=\"elementor-post__title\">\n\t\t\t<a href=\"https:\/\/dev.agora-kids.fr\/?p=1100\" >\n\t\t\t\tLa p\u00e9riode d&rsquo;adaptation\t\t\t<\/a>\n\t\t<\/h4>\n\t\t\t\t<div class=\"elementor-post__excerpt\">\n\t\t\t<p>Pr\u00e9parer son enfant \u00e0 la p\u00e9riode d&rsquo;adaptation S&rsquo;inscrire en cr\u00e8che Nous contacter L\u2019entr\u00e9e en cr\u00e8che est une \u00e9tape importante pour<\/p>\n\t\t<\/div>\n\t\t\n\t\t<a class=\"elementor-post__read-more\" href=\"https:\/\/dev.agora-kids.fr\/?p=1100\" aria-label=\"En savoir plus sur La p\u00e9riode d&rsquo;adaptation\" tabindex=\"-1\" >\n\t\t\tD\u00e9couvrir\t\t<\/a>\n\n\t\t\t\t<\/div>\n\t\t\t\t\t<\/div>\n\t\t<\/article>\n\t\t\t\t<\/div>\n\t\t\n\t\t\t\t<\/div>\n\t\t\t\t<\/div>\n\t\t\t\t\t<\/div>\n\t\t\t\t<\/div>\n\t\t<div class=\"elementor-element elementor-element-17631cb e-flex e-con-boxed e-con e-parent\" data-id=\"17631cb\" data-element_type=\"container\" data-settings=\"{&quot;content_width&quot;:&quot;boxed&quot;}\" data-core-v316-plus=\"true\">\n\t\t\t\t\t<div class=\"e-con-inner\">\n\t\t\t\t<div class=\"elementor-element elementor-element-dd00171 elementor-widget elementor-widget-spacer\" data-id=\"dd00171\" data-element_type=\"widget\" data-widget_type=\"spacer.default\">\n\t\t\t\t<div class=\"elementor-widget-container\">\n\t\t\t\t\t<div class=\"elementor-spacer\">\n\t\t\t<div class=\"elementor-spacer-inner\"><\/div>\n\t\t<\/div>\n\t\t\t\t<\/div>\n\t\t\t\t<\/div>\n\t\t\t\t\t<\/div>\n\t\t\t\t<\/div>\n\t\t\t\t<\/div>\n\t\t","protected":false},"excerpt":{"rendered":"<p>Actualit\u00e9s Retrouvez tous les articles et \u00e9v\u00e8nements du r\u00e9seau Agora-Kids<\/p>\n","protected":false},"author":3,"featured_media":0,"parent":0,"menu_order":0,"comment_status":"closed","ping_status":"closed","template":"elementor_header_footer","meta":{"footnotes":""},"class_list":["post-1133","page","type-page","status-publish","hentry"],"aioseo_notices":[],"yoast_head":"<!-- This site is optimized with the Yoast SEO plugin v24.5 - https:\/\/yoast.com\/wordpress\/plugins\/seo\/ -->\n<title>Actualit\u00e9s - DEV Agora Kids<\/title>\n<meta name=\"robots\" content=\"index, follow, max-snippet:-1, max-image-preview:large, max-video-preview:-1\" \/>\n<link rel=\"canonical\" href=\"https:\/\/dev.agora-kids.fr\/?page_id=1133\" \/>\n<meta property=\"og:locale\" content=\"fr_FR\" \/>\n<meta property=\"og:type\" content=\"article\" \/>\n<meta property=\"og:title\" content=\"Actualit\u00e9s - DEV Agora Kids\" \/>\n<meta property=\"og:description\" content=\"Actualit\u00e9s Retrouvez tous les articles et \u00e9v\u00e8nements du r\u00e9seau Agora-Kids\" \/>\n<meta property=\"og:url\" content=\"https:\/\/dev.agora-kids.fr\/?page_id=1133\" \/>\n<meta property=\"og:site_name\" content=\"DEV Agora Kids\" \/>\n<meta property=\"article:modified_time\" content=\"2025-02-12T13:53:10+00:00\" \/>\n<meta name=\"twitter:card\" content=\"summary_large_image\" \/>\n<script type=\"application\/ld+json\" class=\"yoast-schema-graph\">{\"@context\":\"https:\/\/schema.org\",\"@graph\":[{\"@type\":\"WebPage\",\"@id\":\"https:\/\/dev.agora-kids.fr\/?page_id=1133\",\"url\":\"https:\/\/dev.agora-kids.fr\/?page_id=1133\",\"name\":\"Actualit\u00e9s - DEV Agora Kids\",\"isPartOf\":{\"@id\":\"https:\/\/dev.agora-kids.fr\/#website\"},\"datePublished\":\"2025-01-28T07:32:59+00:00\",\"dateModified\":\"2025-02-12T13:53:10+00:00\",\"breadcrumb\":{\"@id\":\"https:\/\/dev.agora-kids.fr\/?page_id=1133#breadcrumb\"},\"inLanguage\":\"fr-FR\",\"potentialAction\":[{\"@type\":\"ReadAction\",\"target\":[\"https:\/\/dev.agora-kids.fr\/?page_id=1133\"]}]},{\"@type\":\"BreadcrumbList\",\"@id\":\"https:\/\/dev.agora-kids.fr\/?page_id=1133#breadcrumb\",\"itemListElement\":[{\"@type\":\"ListItem\",\"position\":1,\"name\":\"Accueil\",\"item\":\"https:\/\/dev.agora-kids.fr\/\"},{\"@type\":\"ListItem\",\"position\":2,\"name\":\"Actualit\u00e9s\"}]},{\"@type\":\"WebSite\",\"@id\":\"https:\/\/dev.agora-kids.fr\/#website\",\"url\":\"https:\/\/dev.agora-kids.fr\/\",\"name\":\"DEV Agora Kids\",\"description\":\"\",\"publisher\":{\"@id\":\"https:\/\/dev.agora-kids.fr\/#organization\"},\"potentialAction\":[{\"@type\":\"SearchAction\",\"target\":{\"@type\":\"EntryPoint\",\"urlTemplate\":\"https:\/\/dev.agora-kids.fr\/?s={search_term_string}\"},\"query-input\":{\"@type\":\"PropertyValueSpecification\",\"valueRequired\":true,\"valueName\":\"search_term_string\"}}],\"inLanguage\":\"fr-FR\"},{\"@type\":\"Organization\",\"@id\":\"https:\/\/dev.agora-kids.fr\/#organization\",\"name\":\"DEV Agora Kids\",\"url\":\"https:\/\/dev.agora-kids.fr\/\",\"logo\":{\"@type\":\"ImageObject\",\"inLanguage\":\"fr-FR\",\"@id\":\"https:\/\/dev.agora-kids.fr\/#\/schema\/logo\/image\/\",\"url\":\"https:\/\/dev.agora-kids.fr\/wp-content\/uploads\/2024\/02\/Logo-Agora-Kids.png\",\"contentUrl\":\"https:\/\/dev.agora-kids.fr\/wp-content\/uploads\/2024\/02\/Logo-Agora-Kids.png\",\"width\":442,\"height\":484,\"caption\":\"DEV Agora Kids\"},\"image\":{\"@id\":\"https:\/\/dev.agora-kids.fr\/#\/schema\/logo\/image\/\"}}]}<\/script>\n<!-- \/ Yoast SEO plugin. -->","yoast_head_json":{"title":"Actualit\u00e9s - DEV Agora Kids","robots":{"index":"index","follow":"follow","max-snippet":"max-snippet:-1","max-image-preview":"max-image-preview:large","max-video-preview":"max-video-preview:-1"},"canonical":"https:\/\/dev.agora-kids.fr\/?page_id=1133","og_locale":"fr_FR","og_type":"article","og_title":"Actualit\u00e9s - DEV Agora Kids","og_description":"Actualit\u00e9s Retrouvez tous les articles et \u00e9v\u00e8nements du r\u00e9seau Agora-Kids","og_url":"https:\/\/dev.agora-kids.fr\/?page_id=1133","og_site_name":"DEV Agora Kids","article_modified_time":"2025-02-12T13:53:10+00:00","twitter_card":"summary_large_image","schema":{"@context":"https:\/\/schema.org","@graph":[{"@type":"WebPage","@id":"https:\/\/dev.agora-kids.fr\/?page_id=1133","url":"https:\/\/dev.agora-kids.fr\/?page_id=1133","name":"Actualit\u00e9s - DEV Agora Kids","isPartOf":{"@id":"https:\/\/dev.agora-kids.fr\/#website"},"datePublished":"2025-01-28T07:32:59+00:00","dateModified":"2025-02-12T13:53:10+00:00","breadcrumb":{"@id":"https:\/\/dev.agora-kids.fr\/?page_id=1133#breadcrumb"},"inLanguage":"fr-FR","potentialAction":[{"@type":"ReadAction","target":["https:\/\/dev.agora-kids.fr\/?page_id=1133"]}]},{"@type":"BreadcrumbList","@id":"https:\/\/dev.agora-kids.fr\/?page_id=1133#breadcrumb","itemListElement":[{"@type":"ListItem","position":1,"name":"Accueil","item":"https:\/\/dev.agora-kids.fr\/"},{"@type":"ListItem","position":2,"name":"Actualit\u00e9s"}]},{"@type":"WebSite","@id":"https:\/\/dev.agora-kids.fr\/#website","url":"https:\/\/dev.agora-kids.fr\/","name":"DEV Agora Kids","description":"","publisher":{"@id":"https:\/\/dev.agora-kids.fr\/#organization"},"potentialAction":[{"@type":"SearchAction","target":{"@type":"EntryPoint","urlTemplate":"https:\/\/dev.agora-kids.fr\/?s={search_term_string}"},"query-input":{"@type":"PropertyValueSpecification","valueRequired":true,"valueName":"search_term_string"}}],"inLanguage":"fr-FR"},{"@type":"Organization","@id":"https:\/\/dev.agora-kids.fr\/#organization","name":"DEV Agora Kids","url":"https:\/\/dev.agora-kids.fr\/","logo":{"@type":"ImageObject","inLanguage":"fr-FR","@id":"https:\/\/dev.agora-kids.fr\/#\/schema\/logo\/image\/","url":"https:\/\/dev.agora-kids.fr\/wp-content\/uploads\/2024\/02\/Logo-Agora-Kids.png","contentUrl":"https:\/\/dev.agora-kids.fr\/wp-content\/uploads\/2024\/02\/Logo-Agora-Kids.png","width":442,"height":484,"caption":"DEV Agora Kids"},"image":{"@id":"https:\/\/dev.agora-kids.fr\/#\/schema\/logo\/image\/"}}]}},"_links":{"self":[{"href":"https:\/\/dev.agora-kids.fr\/index.php?rest_route=\/wp\/v2\/pages\/1133","targetHints":{"allow":["GET"]}}],"collection":[{"href":"https:\/\/dev.agora-kids.fr\/index.php?rest_route=\/wp\/v2\/pages"}],"about":[{"href":"https:\/\/dev.agora-kids.fr\/index.php?rest_route=\/wp\/v2\/types\/page"}],"author":[{"embeddable":true,"href":"https:\/\/dev.agora-kids.fr\/index.php?rest_route=\/wp\/v2\/users\/3"}],"replies":[{"embeddable":true,"href":"https:\/\/dev.agora-kids.fr\/index.php?rest_route=%2Fwp%2Fv2%2Fcomments&post=1133"}],"version-history":[{"count":40,"href":"https:\/\/dev.agora-kids.fr\/index.php?rest_route=\/wp\/v2\/pages\/1133\/revisions"}],"predecessor-version":[{"id":1335,"href":"https:\/\/dev.agora-kids.fr\/index.php?rest_route=\/wp\/v2\/pages\/1133\/revisions\/1335"}],"wp:attachment":[{"href":"https:\/\/dev.agora-kids.fr\/index.php?rest_route=%2Fwp%2Fv2%2Fmedia&parent=1133"}],"curies":[{"name":"wp","href":"https:\/\/api.w.org\/{rel}","templated":true}]}}